{"id":12991,"date":"2018-10-09T07:27:28","date_gmt":"2018-10-09T07:27:28","guid":{"rendered":"https:\/\/padvaiskodvaras.lt\/home-1\/"},"modified":"2024-07-02T14:53:26","modified_gmt":"2024-07-02T14:53:26","slug":"home-1","status":"publish","type":"page","link":"https:\/\/padvaiskodvaras.lt\/ru\/","title":{"rendered":"\ufeff\u041e \u043d\u0430\u0441"},"content":{"rendered":"\t\t<div data-elementor-type=\"wp-post\" data-elementor-id=\"12991\" class=\"elementor elementor-12991 elementor-6\" data-elementor-post-type=\"page\">\n\t\t\t\t\t\t\t<div class=\"elementor-element elementor-element-e16234e e-flex e-con-boxed e-con e-parent\" data-id=\"e16234e\" data-element_type=\"container\" data-settings=\"{&quot;background_background&quot;:&quot;classic&quot;,&quot;content_width&quot;:&quot;boxed&quot;}\" data-core-v316-plus=\"true\">\n\t\t\t\t\t<div class=\"e-con-inner\">\n\t\t<div class=\"elementor-element elementor-element-788a8e5 e-flex e-con-boxed e-con e-child\" data-id=\"788a8e5\" data-element_type=\"container\" data-settings=\"{&quot;content_width&quot;:&quot;boxed&quot;}\">\n\t\t\t\t\t<div class=\"e-con-inner\">\n\t\t\t\t\t<\/div>\n\t\t\t\t<\/div>\n\t\t\t\t\t<\/div>\n\t\t\t\t<\/div>\n\t\t\t\t<section class=\"elementor-section elementor-top-section elementor-element elementor-element-fce9417 elementor-section-boxed elementor-section-height-default elementor-section-height-default\" data-id=\"fce9417\" data-element_type=\"section\" data-settings=\"{&quot;background_background&quot;:&quot;classic&quot;}\">\n\t\t\t\t\t\t<div class=\"elementor-container elementor-column-gap-default\">\n\t\t\t\t\t<div class=\"elementor-column elementor-col-100 elementor-top-column elementor-element elementor-element-9393099 wpb-col-sm-100\" data-id=\"9393099\" data-element_type=\"column\">\n\t\t\t<div class=\"elementor-widget-wrap elementor-element-populated\">\n\t\t\t\t\t\t\t\t<div class=\"elementor-element elementor-element-bc609a5 title-block elementor-widget elementor-widget-heading\" data-id=\"bc609a5\" data-element_type=\"widget\" data-widget_type=\"heading.default\">\n\t\t\t\t<div class=\"elementor-widget-container\">\n\t\t\t<style>\/*! elementor - v3.16.0 - 20-09-2023 *\/\n.elementor-heading-title{padding:0;margin:0;line-height:1}.elementor-widget-heading .elementor-heading-title[class*=elementor-size-]>a{color:inherit;font-size:inherit;line-height:inherit}.elementor-widget-heading .elementor-heading-title.elementor-size-small{font-size:15px}.elementor-widget-heading .elementor-heading-title.elementor-size-medium{font-size:19px}.elementor-widget-heading .elementor-heading-title.elementor-size-large{font-size:29px}.elementor-widget-heading .elementor-heading-title.elementor-size-xl{font-size:39px}.elementor-widget-heading .elementor-heading-title.elementor-size-xxl{font-size:59px}<\/style><h2 class=\"elementor-heading-title elementor-size-default\">\u0423\u0421\u0410\u0414\u042c\u0411\u0410 \u041f\u0410\u0414\u0412\u0410\u0419\u0421\u041a\u0410\u0421<\/h2>\t\t<\/div>\n\t\t\t\t<\/div>\n\t\t\t\t<div class=\"elementor-element elementor-element-1931355 elementor-widget elementor-widget-text-editor\" data-id=\"1931355\" data-element_type=\"widget\" data-widget_type=\"text-editor.default\">\n\t\t\t\t<div class=\"elementor-widget-container\">\n\t\t\t<style>\/*! elementor - v3.16.0 - 20-09-2023 *\/\n.elementor-widget-text-editor.elementor-drop-cap-view-stacked .elementor-drop-cap{background-color:#69727d;color:#fff}.elementor-widget-text-editor.elementor-drop-cap-view-framed .elementor-drop-cap{color:#69727d;border:3px solid;background-color:transparent}.elementor-widget-text-editor:not(.elementor-drop-cap-view-default) .elementor-drop-cap{margin-top:8px}.elementor-widget-text-editor:not(.elementor-drop-cap-view-default) .elementor-drop-cap-letter{width:1em;height:1em}.elementor-widget-text-editor .elementor-drop-cap{float:left;text-align:center;line-height:1;font-size:50px}.elementor-widget-text-editor .elementor-drop-cap-letter{display:inline-block}<\/style>\t\t\t\t<p>\u0421 \u044f\u043d\u0432\u0430\u0440\u044f 2011 \u0433\u043e\u0434\u0430 \u0442\u0443\u0440\u0438\u0441\u0442\u043e\u0432 \u043f\u0440\u0438\u0433\u043b\u0430\u0448\u0430\u0435\u0442 \u043d\u043e\u0432\u044b\u0439 \u0445\u0443\u0442\u043e\u0440 \u0441\u0435\u043b\u044c\u0441\u043a\u043e\u0433\u043e \u0442\u0443\u0440\u0438\u0437\u043c\u0430 \u043a\u0430\u0442\u0435\u0433\u043e\u0440\u0438\u0438 5 \u0430\u0438\u0441\u0442\u043e\u0432. \u041d\u0430 \u043f\u043e\u0434\u043b\u0438\u043d\u043d\u043e\u043c \u0430\u0443\u043a\u0448\u0442\u0430\u0439\u0442\u0438\u0439\u0441\u043a\u043e\u043c \u0445\u0443\u0442\u043e\u0440\u0435 \u0438\u0437 \u0431\u0440\u0435\u0432\u0435\u043d, \u043e\u0448\u043a\u0443\u0440\u0435\u043d\u043d\u044b\u0445 \u0440\u0443\u0447\u043d\u044b\u043c \u0441\u043f\u043e\u0441\u043e\u0431\u043e\u043c, \u043e\u0431\u043e\u0440\u0443\u0434\u043e\u0432\u0430\u043d\u043e 20 \u043a\u043e\u043c\u043d\u0430\u0442 \u0441 \u0434\u0443\u0448\u0435\u043c \u0438 \u0442\u0443\u0430\u043b\u0435\u0442\u043e\u043c, \u043c\u0435\u0431\u0435\u043b\u044c\u044e \u0438 \u0430\u043f\u043f\u0430\u0440\u0430\u0442\u0443\u0440\u043e\u0439, \u0442\u0435\u043b\u0435\u0432\u0438\u0434\u0435\u043d\u0438\u0435\u043c \u0438\u043b\u0438 \u0434\u043e\u043f\u043e\u043b\u043d\u0438\u0442\u0435\u043b\u044c\u043d\u043e\u0439 \u043a\u0440\u043e\u0432\u0430\u0442\u044c\u044e \u0434\u043b\u044f \u0433\u043e\u0441\u0442\u044f \u0432 \u043a\u0430\u0436\u0434\u043e\u0439. \u0412 \u0446\u0435\u043b\u044f\u0445 \u043e\u0431\u0435\u0441\u043f\u0435\u0447\u0435\u043d\u0438\u044f \u043f\u0440\u0438\u0432\u0430\u0442\u043d\u043e\u0441\u0442\u0438 \u0433\u043e\u0441\u0442\u0435\u0439 \u0432\u0441\u0435 \u0430\u043f\u0430\u0440\u0442\u0430\u043c\u0435\u043d\u0442\u044b \u0440\u0430\u0441\u043f\u043e\u043b\u043e\u0436\u0435\u043d\u044b \u0432 \u0441\u0442\u043e\u0440\u043e\u043d\u0435 \u043e\u0442 \u043e\u0441\u043d\u043e\u0432\u043d\u043e\u0433\u043e \u0437\u0434\u0430\u043d\u0438\u044f, \u0432 \u043a\u043e\u0442\u043e\u0440\u043e\u043c \u043f\u0440\u043e\u0432\u043e\u0434\u044f\u0442\u0441\u044f \u043f\u0440\u0430\u0437\u0434\u043d\u0438\u043a\u0438. \u041c\u044b \u043c\u043e\u0436\u0435\u043c \u0443\u0441\u0442\u0440\u043e\u0438\u0442\u044c \u0431\u0430\u043d\u043a\u0435\u0442 \u043d\u0430 200 \u043f\u0435\u0440\u0441\u043e\u043d. \u041f\u0435\u0440\u0435\u043d\u043e\u0447\u0435\u0432\u0430\u0442\u044c \u0443 \u043d\u0430\u0441 \u0441\u043c\u043e\u0433\u0443\u0442 120 \u0447\u0435\u043b\u043e\u0432\u0435\u043a.<\/p><p>\u00abPadvaisko dvaras\u00bb (\u0423\u0421\u0410\u0414\u042c\u0411\u0410 \u041f\u0410\u0414\u0412\u0410\u0419\u0421\u041a\u0410\u0421 ) \u0440\u0430\u0441\u043f\u043e\u043b\u043e\u0436\u0435\u043d \u0432 25 \u043a\u043c \u043e\u0442 \u0412\u0438\u043b\u044c\u043d\u044e\u0441\u0430 (\u043f\u043e \u0441\u0442\u0430\u0440\u043e\u043c\u0443 \u0448\u043e\u0441\u0441\u0435 \u041c\u043e\u043b\u0435\u0442\u0430\u0439) \u0440\u044f\u0434\u043e\u043c \u0441 \u043e\u0437\u0435\u0440\u0430\u043c\u0438 \u0428\u0438\u0440\u0432\u0438\u0441, \u041c\u0443\u0441\u044f. H\u0430 \u0442\u0435\u0440\u0440\u0438\u0442\u043e\u0440\u0438\u0438 \u0445\u0443\u0442\u043e\u0440\u0430 \u2013 2 \u043f\u0440\u0443\u0434\u0430. \u0418\u043c\u0435\u0435\u0442\u0441\u044f \u0431\u0430\u043d\u044f. \u0414\u043e \u0431\u043b\u0438\u0436\u0430\u0439\u0448\u0435\u0433\u043e \u043c\u0430\u0433\u0430\u0437\u0438\u043d\u0430 \u2013 0,3 \u043a\u043c.<\/p>\t\t\t\t\t\t<\/div>\n\t\t\t\t<\/div>\n\t\t\t\t<div class=\"elementor-element elementor-element-d398552 elementor-widget elementor-widget-text-editor\" data-id=\"d398552\" data-element_type=\"widget\" data-widget_type=\"text-editor.default\">\n\t\t\t\t<div class=\"elementor-widget-container\">\n\t\t\t\t\t\t\t<p><b>\u0418\u0417\u0412\u0415\u0421\u0422\u041d\u041e \u041b\u0418 \u0412\u0410\u041c? \u041f\u0430\u0431\u0435\u0440\u0436\u0435 (3 \u043a\u043c \u043e\u0442 \u0445\u0443\u0442\u043e\u0440\u0430) \u2013 \u0435\u0434\u0438\u043d\u0441\u0442\u0432\u0435\u043d\u043d\u043e\u0435 \u043c\u0435\u0441\u0442\u043e \u0432 \u041b\u0438\u0442\u0432\u0435, \u0433\u0434\u0435 \u043f\u0440\u043e\u0432\u043e\u0434\u0438\u043b\u0438\u0441\u044c \u043a\u043e\u0440\u0440\u0438\u0434\u044b.<\/b><\/p>\t\t\t\t\t\t<\/div>\n\t\t\t\t<\/div>\n\t\t\t\t\t<\/div>\n\t\t<\/div>\n\t\t\t\t\t\t\t<\/div>\n\t\t<\/section>\n\t\t\t\t\t\t\t<\/div>\n\t\t","protected":false},"excerpt":{"rendered":"<p>\u0423\u0421\u0410\u0414\u042c\u0411\u0410 \u041f\u0410\u0414\u0412\u0410\u0419\u0421\u041a\u0410\u0421 \u0421 \u044f\u043d\u0432\u0430\u0440\u044f 2011 \u0433\u043e\u0434\u0430 \u0442\u0443\u0440\u0438\u0441\u0442\u043e\u0432 \u043f\u0440\u0438\u0433\u043b\u0430\u0448\u0430\u0435\u0442 \u043d\u043e\u0432\u044b\u0439 \u0445\u0443\u0442\u043e\u0440 \u0441\u0435\u043b\u044c\u0441\u043a\u043e\u0433\u043e \u0442\u0443\u0440\u0438\u0437\u043c\u0430 \u043a\u0430\u0442\u0435\u0433\u043e\u0440\u0438\u0438 5 \u0430\u0438\u0441\u0442\u043e\u0432. \u041d\u0430 \u043f\u043e\u0434\u043b\u0438\u043d\u043d\u043e\u043c \u0430\u0443\u043a\u0448\u0442\u0430\u0439\u0442\u0438\u0439\u0441\u043a\u043e\u043c \u0445\u0443\u0442\u043e\u0440\u0435 \u0438\u0437 \u0431\u0440\u0435\u0432\u0435\u043d, \u043e\u0448\u043a\u0443\u0440\u0435\u043d\u043d\u044b\u0445 \u0440\u0443\u0447\u043d\u044b\u043c \u0441\u043f\u043e\u0441\u043e\u0431\u043e\u043c, \u043e\u0431\u043e\u0440\u0443\u0434\u043e\u0432\u0430\u043d\u043e 20 \u043a\u043e\u043c\u043d\u0430\u0442 \u0441 \u0434\u0443\u0448\u0435\u043c \u0438 \u0442\u0443\u0430\u043b\u0435\u0442\u043e\u043c, \u043c\u0435\u0431\u0435\u043b\u044c\u044e \u0438 \u0430\u043f\u043f\u0430\u0440\u0430\u0442\u0443\u0440\u043e\u0439, \u0442\u0435\u043b\u0435\u0432\u0438\u0434\u0435\u043d\u0438\u0435\u043c \u0438\u043b\u0438 \u0434\u043e\u043f\u043e\u043b\u043d\u0438\u0442\u0435\u043b\u044c\u043d\u043e\u0439 \u043a\u0440\u043e\u0432\u0430\u0442\u044c\u044e \u0434\u043b\u044f \u0433\u043e\u0441\u0442\u044f \u0432 \u043a\u0430\u0436\u0434\u043e\u0439. \u0412 \u0446\u0435\u043b\u044f\u0445 \u043e\u0431\u0435\u0441\u043f\u0435\u0447\u0435\u043d\u0438\u044f \u043f\u0440\u0438\u0432\u0430\u0442\u043d\u043e\u0441\u0442\u0438 \u0433\u043e\u0441\u0442\u0435\u0439 \u0432\u0441\u0435 \u0430\u043f\u0430\u0440\u0442\u0430\u043c\u0435\u043d\u0442\u044b \u0440\u0430\u0441\u043f\u043e\u043b\u043e\u0436\u0435\u043d\u044b \u0432 \u0441\u0442\u043e\u0440\u043e\u043d\u0435 \u043e\u0442 \u043e\u0441\u043d\u043e\u0432\u043d\u043e\u0433\u043e \u0437\u0434\u0430\u043d\u0438\u044f, [&hellip;]<\/p>\n","protected":false},"author":1,"featured_media":0,"parent":0,"menu_order":0,"comment_status":"closed","ping_status":"closed","template":"page-templates\/homepage.php","meta":{"footnotes":""},"acf":[],"yoast_head":"<!-- This site is optimized with the Yoast SEO plugin v21.3-RC2 - https:\/\/yoast.com\/wordpress\/plugins\/seo\/ -->\n<title>\ufeff\u041e \u043d\u0430\u0441 - Padvaisko dvaras<\/title>\n<meta name=\"description\" content=\"\u0423\u0421\u0410\u0414\u042c\u0411\u0410 \u041f\u0410\u0414\u0412\u0410\u0419\u0421\u041a\u0410\u0421 \u0421 \u044f\u043d\u0432\u0430\u0440\u044f 2011 \u0433\u043e\u0434\u0430 \u0442\u0443\u0440\u0438\u0441\u0442\u043e\u0432 \u043f\u0440\u0438\u0433\u043b\u0430\u0448\u0430\u0435\u0442 \u043d\u043e\u0432\u044b\u0439 \u0445\u0443\u0442\u043e\u0440 \u0441\u0435\u043b\u044c\u0441\u043a\u043e\u0433\u043e \u0442\u0443\u0440\u0438\u0437\u043c\u0430 \u043a\u0430\u0442\u0435\u0433\u043e\u0440\u0438\u0438 5 \u0430\u0438\u0441\u0442\u043e\u0432. \u041d\u0430 \u043f\u043e\u0434\u043b\u0438\u043d\u043d\u043e\u043c \u0430\u0443\u043a\u0448\u0442\u0430\u0439\u0442\u0438\u0439\u0441\u043a\u043e\u043c \u0445\u0443\u0442\u043e\u0440\u0435 \u0438\u0437 \u0431\u0440\u0435\u0432\u0435\u043d,\" \/>\n<meta name=\"robots\" content=\"index, follow, max-snippet:-1, max-image-preview:large, max-video-preview:-1\" \/>\n<link rel=\"canonical\" href=\"https:\/\/padvaiskodvaras.lt\/ru\/\" \/>\n<meta property=\"og:locale\" content=\"ru_RU\" \/>\n<meta property=\"og:type\" content=\"article\" \/>\n<meta property=\"og:title\" content=\"\ufeff\u041e \u043d\u0430\u0441 - Padvaisko dvaras\" \/>\n<meta property=\"og:description\" content=\"\u0423\u0421\u0410\u0414\u042c\u0411\u0410 \u041f\u0410\u0414\u0412\u0410\u0419\u0421\u041a\u0410\u0421 \u0421 \u044f\u043d\u0432\u0430\u0440\u044f 2011 \u0433\u043e\u0434\u0430 \u0442\u0443\u0440\u0438\u0441\u0442\u043e\u0432 \u043f\u0440\u0438\u0433\u043b\u0430\u0448\u0430\u0435\u0442 \u043d\u043e\u0432\u044b\u0439 \u0445\u0443\u0442\u043e\u0440 \u0441\u0435\u043b\u044c\u0441\u043a\u043e\u0433\u043e \u0442\u0443\u0440\u0438\u0437\u043c\u0430 \u043a\u0430\u0442\u0435\u0433\u043e\u0440\u0438\u0438 5 \u0430\u0438\u0441\u0442\u043e\u0432. \u041d\u0430 \u043f\u043e\u0434\u043b\u0438\u043d\u043d\u043e\u043c \u0430\u0443\u043a\u0448\u0442\u0430\u0439\u0442\u0438\u0439\u0441\u043a\u043e\u043c \u0445\u0443\u0442\u043e\u0440\u0435 \u0438\u0437 \u0431\u0440\u0435\u0432\u0435\u043d,\" \/>\n<meta property=\"og:url\" content=\"https:\/\/padvaiskodvaras.lt\/ru\/\" \/>\n<meta property=\"og:site_name\" content=\"Padvaisko dvaras\" \/>\n<meta property=\"article:modified_time\" content=\"2024-07-02T14:53:26+00:00\" \/>\n<meta property=\"og:image\" content=\"https:\/\/padvaiskodvaras.lt\/wp-content\/uploads\/2024\/05\/Padvaisko-dvaras-site-image.jpg\" \/>\n\t<meta property=\"og:image:width\" content=\"1200\" \/>\n\t<meta property=\"og:image:height\" content=\"675\" \/>\n\t<meta property=\"og:image:type\" content=\"image\/jpeg\" \/>\n<meta name=\"twitter:card\" content=\"summary_large_image\" \/>\n<meta name=\"twitter:label1\" content=\"\u041f\u0440\u0438\u043c\u0435\u0440\u043d\u043e\u0435 \u0432\u0440\u0435\u043c\u044f \u0434\u043b\u044f \u0447\u0442\u0435\u043d\u0438\u044f\" \/>\n\t<meta name=\"twitter:data1\" content=\"1 \u043c\u0438\u043d\u0443\u0442\u0430\" \/>\n<script type=\"application\/ld+json\" class=\"yoast-schema-graph\">{\"@context\":\"https:\/\/schema.org\",\"@graph\":[{\"@type\":\"WebPage\",\"@id\":\"https:\/\/padvaiskodvaras.lt\/ru\/\",\"url\":\"https:\/\/padvaiskodvaras.lt\/ru\/\",\"name\":\"\ufeff\u041e \u043d\u0430\u0441 - Padvaisko dvaras\",\"isPartOf\":{\"@id\":\"https:\/\/padvaiskodvaras.lt\/ru\/#website\"},\"datePublished\":\"2018-10-09T07:27:28+00:00\",\"dateModified\":\"2024-07-02T14:53:26+00:00\",\"description\":\"\u0423\u0421\u0410\u0414\u042c\u0411\u0410 \u041f\u0410\u0414\u0412\u0410\u0419\u0421\u041a\u0410\u0421 \u0421 \u044f\u043d\u0432\u0430\u0440\u044f 2011 \u0433\u043e\u0434\u0430 \u0442\u0443\u0440\u0438\u0441\u0442\u043e\u0432 \u043f\u0440\u0438\u0433\u043b\u0430\u0448\u0430\u0435\u0442 \u043d\u043e\u0432\u044b\u0439 \u0445\u0443\u0442\u043e\u0440 \u0441\u0435\u043b\u044c\u0441\u043a\u043e\u0433\u043e \u0442\u0443\u0440\u0438\u0437\u043c\u0430 \u043a\u0430\u0442\u0435\u0433\u043e\u0440\u0438\u0438 5 \u0430\u0438\u0441\u0442\u043e\u0432. \u041d\u0430 \u043f\u043e\u0434\u043b\u0438\u043d\u043d\u043e\u043c \u0430\u0443\u043a\u0448\u0442\u0430\u0439\u0442\u0438\u0439\u0441\u043a\u043e\u043c \u0445\u0443\u0442\u043e\u0440\u0435 \u0438\u0437 \u0431\u0440\u0435\u0432\u0435\u043d,\",\"breadcrumb\":{\"@id\":\"https:\/\/padvaiskodvaras.lt\/ru\/#breadcrumb\"},\"inLanguage\":\"ru-RU\",\"potentialAction\":[{\"@type\":\"ReadAction\",\"target\":[\"https:\/\/padvaiskodvaras.lt\/ru\/\"]}]},{\"@type\":\"BreadcrumbList\",\"@id\":\"https:\/\/padvaiskodvaras.lt\/ru\/#breadcrumb\",\"itemListElement\":[{\"@type\":\"ListItem\",\"position\":1,\"name\":\"Home\",\"item\":\"https:\/\/padvaiskodvaras.lt\/ru\/\"},{\"@type\":\"ListItem\",\"position\":2,\"name\":\"\ufeff\u041e \u043d\u0430\u0441\"}]},{\"@type\":\"WebSite\",\"@id\":\"https:\/\/padvaiskodvaras.lt\/ru\/#website\",\"url\":\"https:\/\/padvaiskodvaras.lt\/ru\/\",\"name\":\"Padvaisko dvaras\",\"description\":\"Puiki sodyba konferencijoms, vestuv\u0117ms, jubiliejams, \u0161eimos \u0161vent\u0117ms!\",\"publisher\":{\"@id\":\"https:\/\/padvaiskodvaras.lt\/ru\/#organization\"},\"potentialAction\":[{\"@type\":\"SearchAction\",\"target\":{\"@type\":\"EntryPoint\",\"urlTemplate\":\"https:\/\/padvaiskodvaras.lt\/ru\/?s={search_term_string}\"},\"query-input\":\"required name=search_term_string\"}],\"inLanguage\":\"ru-RU\"},{\"@type\":\"Organization\",\"@id\":\"https:\/\/padvaiskodvaras.lt\/ru\/#organization\",\"name\":\"Padvaisko dvaras\",\"url\":\"https:\/\/padvaiskodvaras.lt\/ru\/\",\"logo\":{\"@type\":\"ImageObject\",\"inLanguage\":\"ru-RU\",\"@id\":\"https:\/\/padvaiskodvaras.lt\/ru\/#\/schema\/logo\/image\/\",\"url\":\"https:\/\/padvaiskodvaras.lt\/wp-content\/uploads\/2024\/05\/padvaisko-dvaras-logo-yoast.png\",\"contentUrl\":\"https:\/\/padvaiskodvaras.lt\/wp-content\/uploads\/2024\/05\/padvaisko-dvaras-logo-yoast.png\",\"width\":696,\"height\":696,\"caption\":\"Padvaisko dvaras\"},\"image\":{\"@id\":\"https:\/\/padvaiskodvaras.lt\/ru\/#\/schema\/logo\/image\/\"}}]}<\/script>\n<!-- \/ Yoast SEO plugin. -->","yoast_head_json":{"title":"\ufeff\u041e \u043d\u0430\u0441 - Padvaisko dvaras","description":"\u0423\u0421\u0410\u0414\u042c\u0411\u0410 \u041f\u0410\u0414\u0412\u0410\u0419\u0421\u041a\u0410\u0421 \u0421 \u044f\u043d\u0432\u0430\u0440\u044f 2011 \u0433\u043e\u0434\u0430 \u0442\u0443\u0440\u0438\u0441\u0442\u043e\u0432 \u043f\u0440\u0438\u0433\u043b\u0430\u0448\u0430\u0435\u0442 \u043d\u043e\u0432\u044b\u0439 \u0445\u0443\u0442\u043e\u0440 \u0441\u0435\u043b\u044c\u0441\u043a\u043e\u0433\u043e \u0442\u0443\u0440\u0438\u0437\u043c\u0430 \u043a\u0430\u0442\u0435\u0433\u043e\u0440\u0438\u0438 5 \u0430\u0438\u0441\u0442\u043e\u0432. \u041d\u0430 \u043f\u043e\u0434\u043b\u0438\u043d\u043d\u043e\u043c \u0430\u0443\u043a\u0448\u0442\u0430\u0439\u0442\u0438\u0439\u0441\u043a\u043e\u043c \u0445\u0443\u0442\u043e\u0440\u0435 \u0438\u0437 \u0431\u0440\u0435\u0432\u0435\u043d,","robots":{"index":"index","follow":"follow","max-snippet":"max-snippet:-1","max-image-preview":"max-image-preview:large","max-video-preview":"max-video-preview:-1"},"canonical":"https:\/\/padvaiskodvaras.lt\/ru\/","og_locale":"ru_RU","og_type":"article","og_title":"\ufeff\u041e \u043d\u0430\u0441 - Padvaisko dvaras","og_description":"\u0423\u0421\u0410\u0414\u042c\u0411\u0410 \u041f\u0410\u0414\u0412\u0410\u0419\u0421\u041a\u0410\u0421 \u0421 \u044f\u043d\u0432\u0430\u0440\u044f 2011 \u0433\u043e\u0434\u0430 \u0442\u0443\u0440\u0438\u0441\u0442\u043e\u0432 \u043f\u0440\u0438\u0433\u043b\u0430\u0448\u0430\u0435\u0442 \u043d\u043e\u0432\u044b\u0439 \u0445\u0443\u0442\u043e\u0440 \u0441\u0435\u043b\u044c\u0441\u043a\u043e\u0433\u043e \u0442\u0443\u0440\u0438\u0437\u043c\u0430 \u043a\u0430\u0442\u0435\u0433\u043e\u0440\u0438\u0438 5 \u0430\u0438\u0441\u0442\u043e\u0432. \u041d\u0430 \u043f\u043e\u0434\u043b\u0438\u043d\u043d\u043e\u043c \u0430\u0443\u043a\u0448\u0442\u0430\u0439\u0442\u0438\u0439\u0441\u043a\u043e\u043c \u0445\u0443\u0442\u043e\u0440\u0435 \u0438\u0437 \u0431\u0440\u0435\u0432\u0435\u043d,","og_url":"https:\/\/padvaiskodvaras.lt\/ru\/","og_site_name":"Padvaisko dvaras","article_modified_time":"2024-07-02T14:53:26+00:00","og_image":[{"width":1200,"height":675,"url":"https:\/\/padvaiskodvaras.lt\/wp-content\/uploads\/2024\/05\/Padvaisko-dvaras-site-image.jpg","type":"image\/jpeg"}],"twitter_card":"summary_large_image","twitter_misc":{"\u041f\u0440\u0438\u043c\u0435\u0440\u043d\u043e\u0435 \u0432\u0440\u0435\u043c\u044f \u0434\u043b\u044f \u0447\u0442\u0435\u043d\u0438\u044f":"1 \u043c\u0438\u043d\u0443\u0442\u0430"},"schema":{"@context":"https:\/\/schema.org","@graph":[{"@type":"WebPage","@id":"https:\/\/padvaiskodvaras.lt\/ru\/","url":"https:\/\/padvaiskodvaras.lt\/ru\/","name":"\ufeff\u041e \u043d\u0430\u0441 - Padvaisko dvaras","isPartOf":{"@id":"https:\/\/padvaiskodvaras.lt\/ru\/#website"},"datePublished":"2018-10-09T07:27:28+00:00","dateModified":"2024-07-02T14:53:26+00:00","description":"\u0423\u0421\u0410\u0414\u042c\u0411\u0410 \u041f\u0410\u0414\u0412\u0410\u0419\u0421\u041a\u0410\u0421 \u0421 \u044f\u043d\u0432\u0430\u0440\u044f 2011 \u0433\u043e\u0434\u0430 \u0442\u0443\u0440\u0438\u0441\u0442\u043e\u0432 \u043f\u0440\u0438\u0433\u043b\u0430\u0448\u0430\u0435\u0442 \u043d\u043e\u0432\u044b\u0439 \u0445\u0443\u0442\u043e\u0440 \u0441\u0435\u043b\u044c\u0441\u043a\u043e\u0433\u043e \u0442\u0443\u0440\u0438\u0437\u043c\u0430 \u043a\u0430\u0442\u0435\u0433\u043e\u0440\u0438\u0438 5 \u0430\u0438\u0441\u0442\u043e\u0432. \u041d\u0430 \u043f\u043e\u0434\u043b\u0438\u043d\u043d\u043e\u043c \u0430\u0443\u043a\u0448\u0442\u0430\u0439\u0442\u0438\u0439\u0441\u043a\u043e\u043c \u0445\u0443\u0442\u043e\u0440\u0435 \u0438\u0437 \u0431\u0440\u0435\u0432\u0435\u043d,","breadcrumb":{"@id":"https:\/\/padvaiskodvaras.lt\/ru\/#breadcrumb"},"inLanguage":"ru-RU","potentialAction":[{"@type":"ReadAction","target":["https:\/\/padvaiskodvaras.lt\/ru\/"]}]},{"@type":"BreadcrumbList","@id":"https:\/\/padvaiskodvaras.lt\/ru\/#breadcrumb","itemListElement":[{"@type":"ListItem","position":1,"name":"Home","item":"https:\/\/padvaiskodvaras.lt\/ru\/"},{"@type":"ListItem","position":2,"name":"\ufeff\u041e \u043d\u0430\u0441"}]},{"@type":"WebSite","@id":"https:\/\/padvaiskodvaras.lt\/ru\/#website","url":"https:\/\/padvaiskodvaras.lt\/ru\/","name":"Padvaisko dvaras","description":"Puiki sodyba konferencijoms, vestuv\u0117ms, jubiliejams, \u0161eimos \u0161vent\u0117ms!","publisher":{"@id":"https:\/\/padvaiskodvaras.lt\/ru\/#organization"},"potentialAction":[{"@type":"SearchAction","target":{"@type":"EntryPoint","urlTemplate":"https:\/\/padvaiskodvaras.lt\/ru\/?s={search_term_string}"},"query-input":"required name=search_term_string"}],"inLanguage":"ru-RU"},{"@type":"Organization","@id":"https:\/\/padvaiskodvaras.lt\/ru\/#organization","name":"Padvaisko dvaras","url":"https:\/\/padvaiskodvaras.lt\/ru\/","logo":{"@type":"ImageObject","inLanguage":"ru-RU","@id":"https:\/\/padvaiskodvaras.lt\/ru\/#\/schema\/logo\/image\/","url":"https:\/\/padvaiskodvaras.lt\/wp-content\/uploads\/2024\/05\/padvaisko-dvaras-logo-yoast.png","contentUrl":"https:\/\/padvaiskodvaras.lt\/wp-content\/uploads\/2024\/05\/padvaisko-dvaras-logo-yoast.png","width":696,"height":696,"caption":"Padvaisko dvaras"},"image":{"@id":"https:\/\/padvaiskodvaras.lt\/ru\/#\/schema\/logo\/image\/"}}]}},"_links":{"self":[{"href":"https:\/\/padvaiskodvaras.lt\/ru\/wp-json\/wp\/v2\/pages\/12991"}],"collection":[{"href":"https:\/\/padvaiskodvaras.lt\/ru\/wp-json\/wp\/v2\/pages"}],"about":[{"href":"https:\/\/padvaiskodvaras.lt\/ru\/wp-json\/wp\/v2\/types\/page"}],"author":[{"embeddable":true,"href":"https:\/\/padvaiskodvaras.lt\/ru\/wp-json\/wp\/v2\/users\/1"}],"replies":[{"embeddable":true,"href":"https:\/\/padvaiskodvaras.lt\/ru\/wp-json\/wp\/v2\/comments?post=12991"}],"version-history":[{"count":16,"href":"https:\/\/padvaiskodvaras.lt\/ru\/wp-json\/wp\/v2\/pages\/12991\/revisions"}],"predecessor-version":[{"id":13901,"href":"https:\/\/padvaiskodvaras.lt\/ru\/wp-json\/wp\/v2\/pages\/12991\/revisions\/13901"}],"wp:attachment":[{"href":"https:\/\/padvaiskodvaras.lt\/ru\/wp-json\/wp\/v2\/media?parent=12991"}],"curies":[{"name":"wp","href":"https:\/\/api.w.org\/{rel}","templated":true}]}}