{"id":12989,"date":"2018-10-09T07:27:28","date_gmt":"2018-10-09T07:27:28","guid":{"rendered":"https:\/\/padvaiskodvaras.lt\/home-1\/"},"modified":"2024-07-02T14:50:58","modified_gmt":"2024-07-02T14:50:58","slug":"home-1","status":"publish","type":"page","link":"https:\/\/padvaiskodvaras.lt\/no\/","title":{"rendered":"Om oss"},"content":{"rendered":"\t\t<div data-elementor-type=\"wp-post\" data-elementor-id=\"12989\" class=\"elementor elementor-12989 elementor-6\" data-elementor-post-type=\"page\">\n\t\t\t\t\t\t\t<div class=\"elementor-element elementor-element-e16234e e-flex e-con-boxed e-con e-parent\" data-id=\"e16234e\" data-element_type=\"container\" data-settings=\"{&quot;background_background&quot;:&quot;classic&quot;,&quot;content_width&quot;:&quot;boxed&quot;}\" data-core-v316-plus=\"true\">\n\t\t\t\t\t<div class=\"e-con-inner\">\n\t\t<div class=\"elementor-element elementor-element-788a8e5 e-flex e-con-boxed e-con e-child\" data-id=\"788a8e5\" data-element_type=\"container\" data-settings=\"{&quot;content_width&quot;:&quot;boxed&quot;}\">\n\t\t\t\t\t<div class=\"e-con-inner\">\n\t\t\t\t\t<\/div>\n\t\t\t\t<\/div>\n\t\t\t\t\t<\/div>\n\t\t\t\t<\/div>\n\t\t\t\t<section class=\"elementor-section elementor-top-section elementor-element elementor-element-fce9417 elementor-section-boxed elementor-section-height-default elementor-section-height-default\" data-id=\"fce9417\" data-element_type=\"section\" data-settings=\"{&quot;background_background&quot;:&quot;classic&quot;}\">\n\t\t\t\t\t\t<div class=\"elementor-container elementor-column-gap-default\">\n\t\t\t\t\t<div class=\"elementor-column elementor-col-100 elementor-top-column elementor-element elementor-element-9393099 wpb-col-sm-100\" data-id=\"9393099\" data-element_type=\"column\">\n\t\t\t<div class=\"elementor-widget-wrap elementor-element-populated\">\n\t\t\t\t\t\t\t\t<div class=\"elementor-element elementor-element-bc609a5 title-block elementor-widget elementor-widget-heading\" data-id=\"bc609a5\" data-element_type=\"widget\" data-widget_type=\"heading.default\">\n\t\t\t\t<div class=\"elementor-widget-container\">\n\t\t\t<style>\/*! elementor - v3.16.0 - 20-09-2023 *\/\n.elementor-heading-title{padding:0;margin:0;line-height:1}.elementor-widget-heading .elementor-heading-title[class*=elementor-size-]>a{color:inherit;font-size:inherit;line-height:inherit}.elementor-widget-heading .elementor-heading-title.elementor-size-small{font-size:15px}.elementor-widget-heading .elementor-heading-title.elementor-size-medium{font-size:19px}.elementor-widget-heading .elementor-heading-title.elementor-size-large{font-size:29px}.elementor-widget-heading .elementor-heading-title.elementor-size-xl{font-size:39px}.elementor-widget-heading .elementor-heading-title.elementor-size-xxl{font-size:59px}<\/style><h2 class=\"elementor-heading-title elementor-size-default\">PADVAISKAS HERREG\u00c5RD<\/h2>\t\t<\/div>\n\t\t\t\t<\/div>\n\t\t\t\t<div class=\"elementor-element elementor-element-1931355 elementor-widget elementor-widget-text-editor\" data-id=\"1931355\" data-element_type=\"widget\" data-widget_type=\"text-editor.default\">\n\t\t\t\t<div class=\"elementor-widget-container\">\n\t\t\t<style>\/*! elementor - v3.16.0 - 20-09-2023 *\/\n.elementor-widget-text-editor.elementor-drop-cap-view-stacked .elementor-drop-cap{background-color:#69727d;color:#fff}.elementor-widget-text-editor.elementor-drop-cap-view-framed .elementor-drop-cap{color:#69727d;border:3px solid;background-color:transparent}.elementor-widget-text-editor:not(.elementor-drop-cap-view-default) .elementor-drop-cap{margin-top:8px}.elementor-widget-text-editor:not(.elementor-drop-cap-view-default) .elementor-drop-cap-letter{width:1em;height:1em}.elementor-widget-text-editor .elementor-drop-cap{float:left;text-align:center;line-height:1;font-size:50px}.elementor-widget-text-editor .elementor-drop-cap-letter{display:inline-block}<\/style>\t\t\t\t<p>Dette er en ny og moderne g\u00e5rd rangert med 5 storker som har mottatt turister siden januar 2011. Husene p\u00e5 g\u00e5rden er bygd av h\u00e5ndbarkede t\u00f8mmerstokker i tradisjonell h\u00f8ylitauisk stil. Det er innredet 20 dobbeltrom med dusj og toalett i tilknytning til hvert rom, med m\u00f8bler og utstyr, en tv og en ekstra gjesteseng. For at gjestene kan slappe av uforstyrret, er alle gjestestuene plassert litt unna hovedbygningen med selskapslokaler. Vi kan arrangere selskaper for inntil 200 personer og tilby overnatting til 120 personer.<br \/>Padvaiskas herreg\u00e5rd ligger 25 km fra Vilnius (kj\u00f8r A172, den gamle veien til Mol\u0117tai), ved siden av den vakre \u0160irvys.<\/p>\t\t\t\t\t\t<\/div>\n\t\t\t\t<\/div>\n\t\t\t\t<div class=\"elementor-element elementor-element-d398552 elementor-widget elementor-widget-text-editor\" data-id=\"d398552\" data-element_type=\"widget\" data-widget_type=\"text-editor.default\">\n\t\t\t\t<div class=\"elementor-widget-container\">\n\t\t\t\t\t\t\t<p><b>VISSTE DU at Paber\u017e\u0117, som ligger 3 km fra g\u00e5rden, er det eneste stedet i Litauen der det ble arrangert tyrefektning siden 1700-tallet?<\/b><\/p>\t\t\t\t\t\t<\/div>\n\t\t\t\t<\/div>\n\t\t\t\t\t<\/div>\n\t\t<\/div>\n\t\t\t\t\t\t\t<\/div>\n\t\t<\/section>\n\t\t\t\t\t\t\t<\/div>\n\t\t","protected":false},"excerpt":{"rendered":"<p>PADVAISKAS HERREG\u00c5RD Dette er en ny og moderne g\u00e5rd rangert med 5 storker som har mottatt turister siden januar 2011. Husene p\u00e5 g\u00e5rden er bygd av h\u00e5ndbarkede t\u00f8mmerstokker i tradisjonell h\u00f8ylitauisk stil. Det er innredet 20 dobbeltrom med dusj og toalett i tilknytning til hvert rom, med m\u00f8bler og utstyr, en tv og en ekstra [&hellip;]<\/p>\n","protected":false},"author":1,"featured_media":0,"parent":0,"menu_order":0,"comment_status":"closed","ping_status":"closed","template":"page-templates\/homepage.php","meta":{"footnotes":""},"acf":[],"yoast_head":"<!-- This site is optimized with the Yoast SEO plugin v21.3-RC2 - https:\/\/yoast.com\/wordpress\/plugins\/seo\/ -->\n<title>Om oss - Padvaisko dvaras<\/title>\n<meta name=\"description\" content=\"PADVAISKAS HERREG\u00c5RD Dette er en ny og moderne g\u00e5rd rangert med 5 storker som har mottatt turister siden januar 2011. Husene p\u00e5 g\u00e5rden er bygd av\" \/>\n<meta name=\"robots\" content=\"index, follow, max-snippet:-1, max-image-preview:large, max-video-preview:-1\" \/>\n<link rel=\"canonical\" href=\"https:\/\/padvaiskodvaras.lt\/no\/\" \/>\n<meta property=\"og:locale\" content=\"nb_NO\" \/>\n<meta property=\"og:type\" content=\"article\" \/>\n<meta property=\"og:title\" content=\"Om oss - Padvaisko dvaras\" \/>\n<meta property=\"og:description\" content=\"PADVAISKAS HERREG\u00c5RD Dette er en ny og moderne g\u00e5rd rangert med 5 storker som har mottatt turister siden januar 2011. Husene p\u00e5 g\u00e5rden er bygd av\" \/>\n<meta property=\"og:url\" content=\"https:\/\/padvaiskodvaras.lt\/no\/\" \/>\n<meta property=\"og:site_name\" content=\"Padvaisko dvaras\" \/>\n<meta property=\"article:modified_time\" content=\"2024-07-02T14:50:58+00:00\" \/>\n<meta property=\"og:image\" content=\"https:\/\/padvaiskodvaras.lt\/wp-content\/uploads\/2024\/05\/Padvaisko-dvaras-site-image.jpg\" \/>\n\t<meta property=\"og:image:width\" content=\"1200\" \/>\n\t<meta property=\"og:image:height\" content=\"675\" \/>\n\t<meta property=\"og:image:type\" content=\"image\/jpeg\" \/>\n<meta name=\"twitter:card\" content=\"summary_large_image\" \/>\n<meta name=\"twitter:label1\" content=\"Ansl. lesetid\" \/>\n\t<meta name=\"twitter:data1\" content=\"1 minutt\" \/>\n<script type=\"application\/ld+json\" class=\"yoast-schema-graph\">{\"@context\":\"https:\/\/schema.org\",\"@graph\":[{\"@type\":\"WebPage\",\"@id\":\"https:\/\/padvaiskodvaras.lt\/no\/\",\"url\":\"https:\/\/padvaiskodvaras.lt\/no\/\",\"name\":\"Om oss - Padvaisko dvaras\",\"isPartOf\":{\"@id\":\"https:\/\/padvaiskodvaras.lt\/no\/#website\"},\"datePublished\":\"2018-10-09T07:27:28+00:00\",\"dateModified\":\"2024-07-02T14:50:58+00:00\",\"description\":\"PADVAISKAS HERREG\u00c5RD Dette er en ny og moderne g\u00e5rd rangert med 5 storker som har mottatt turister siden januar 2011. Husene p\u00e5 g\u00e5rden er bygd av\",\"breadcrumb\":{\"@id\":\"https:\/\/padvaiskodvaras.lt\/no\/#breadcrumb\"},\"inLanguage\":\"nb-NO\",\"potentialAction\":[{\"@type\":\"ReadAction\",\"target\":[\"https:\/\/padvaiskodvaras.lt\/no\/\"]}]},{\"@type\":\"BreadcrumbList\",\"@id\":\"https:\/\/padvaiskodvaras.lt\/no\/#breadcrumb\",\"itemListElement\":[{\"@type\":\"ListItem\",\"position\":1,\"name\":\"Home\",\"item\":\"https:\/\/padvaiskodvaras.lt\/no\/\"},{\"@type\":\"ListItem\",\"position\":2,\"name\":\"Om oss\"}]},{\"@type\":\"WebSite\",\"@id\":\"https:\/\/padvaiskodvaras.lt\/no\/#website\",\"url\":\"https:\/\/padvaiskodvaras.lt\/no\/\",\"name\":\"Padvaisko dvaras\",\"description\":\"Puiki sodyba konferencijoms, vestuv\u0117ms, jubiliejams, \u0161eimos \u0161vent\u0117ms!\",\"publisher\":{\"@id\":\"https:\/\/padvaiskodvaras.lt\/no\/#organization\"},\"potentialAction\":[{\"@type\":\"SearchAction\",\"target\":{\"@type\":\"EntryPoint\",\"urlTemplate\":\"https:\/\/padvaiskodvaras.lt\/no\/?s={search_term_string}\"},\"query-input\":\"required name=search_term_string\"}],\"inLanguage\":\"nb-NO\"},{\"@type\":\"Organization\",\"@id\":\"https:\/\/padvaiskodvaras.lt\/no\/#organization\",\"name\":\"Padvaisko dvaras\",\"url\":\"https:\/\/padvaiskodvaras.lt\/no\/\",\"logo\":{\"@type\":\"ImageObject\",\"inLanguage\":\"nb-NO\",\"@id\":\"https:\/\/padvaiskodvaras.lt\/no\/#\/schema\/logo\/image\/\",\"url\":\"https:\/\/padvaiskodvaras.lt\/wp-content\/uploads\/2024\/05\/padvaisko-dvaras-logo-yoast.png\",\"contentUrl\":\"https:\/\/padvaiskodvaras.lt\/wp-content\/uploads\/2024\/05\/padvaisko-dvaras-logo-yoast.png\",\"width\":696,\"height\":696,\"caption\":\"Padvaisko dvaras\"},\"image\":{\"@id\":\"https:\/\/padvaiskodvaras.lt\/no\/#\/schema\/logo\/image\/\"}}]}<\/script>\n<!-- \/ Yoast SEO plugin. -->","yoast_head_json":{"title":"Om oss - Padvaisko dvaras","description":"PADVAISKAS HERREG\u00c5RD Dette er en ny og moderne g\u00e5rd rangert med 5 storker som har mottatt turister siden januar 2011. Husene p\u00e5 g\u00e5rden er bygd av","robots":{"index":"index","follow":"follow","max-snippet":"max-snippet:-1","max-image-preview":"max-image-preview:large","max-video-preview":"max-video-preview:-1"},"canonical":"https:\/\/padvaiskodvaras.lt\/no\/","og_locale":"nb_NO","og_type":"article","og_title":"Om oss - Padvaisko dvaras","og_description":"PADVAISKAS HERREG\u00c5RD Dette er en ny og moderne g\u00e5rd rangert med 5 storker som har mottatt turister siden januar 2011. Husene p\u00e5 g\u00e5rden er bygd av","og_url":"https:\/\/padvaiskodvaras.lt\/no\/","og_site_name":"Padvaisko dvaras","article_modified_time":"2024-07-02T14:50:58+00:00","og_image":[{"width":1200,"height":675,"url":"https:\/\/padvaiskodvaras.lt\/wp-content\/uploads\/2024\/05\/Padvaisko-dvaras-site-image.jpg","type":"image\/jpeg"}],"twitter_card":"summary_large_image","twitter_misc":{"Ansl. lesetid":"1 minutt"},"schema":{"@context":"https:\/\/schema.org","@graph":[{"@type":"WebPage","@id":"https:\/\/padvaiskodvaras.lt\/no\/","url":"https:\/\/padvaiskodvaras.lt\/no\/","name":"Om oss - Padvaisko dvaras","isPartOf":{"@id":"https:\/\/padvaiskodvaras.lt\/no\/#website"},"datePublished":"2018-10-09T07:27:28+00:00","dateModified":"2024-07-02T14:50:58+00:00","description":"PADVAISKAS HERREG\u00c5RD Dette er en ny og moderne g\u00e5rd rangert med 5 storker som har mottatt turister siden januar 2011. Husene p\u00e5 g\u00e5rden er bygd av","breadcrumb":{"@id":"https:\/\/padvaiskodvaras.lt\/no\/#breadcrumb"},"inLanguage":"nb-NO","potentialAction":[{"@type":"ReadAction","target":["https:\/\/padvaiskodvaras.lt\/no\/"]}]},{"@type":"BreadcrumbList","@id":"https:\/\/padvaiskodvaras.lt\/no\/#breadcrumb","itemListElement":[{"@type":"ListItem","position":1,"name":"Home","item":"https:\/\/padvaiskodvaras.lt\/no\/"},{"@type":"ListItem","position":2,"name":"Om oss"}]},{"@type":"WebSite","@id":"https:\/\/padvaiskodvaras.lt\/no\/#website","url":"https:\/\/padvaiskodvaras.lt\/no\/","name":"Padvaisko dvaras","description":"Puiki sodyba konferencijoms, vestuv\u0117ms, jubiliejams, \u0161eimos \u0161vent\u0117ms!","publisher":{"@id":"https:\/\/padvaiskodvaras.lt\/no\/#organization"},"potentialAction":[{"@type":"SearchAction","target":{"@type":"EntryPoint","urlTemplate":"https:\/\/padvaiskodvaras.lt\/no\/?s={search_term_string}"},"query-input":"required name=search_term_string"}],"inLanguage":"nb-NO"},{"@type":"Organization","@id":"https:\/\/padvaiskodvaras.lt\/no\/#organization","name":"Padvaisko dvaras","url":"https:\/\/padvaiskodvaras.lt\/no\/","logo":{"@type":"ImageObject","inLanguage":"nb-NO","@id":"https:\/\/padvaiskodvaras.lt\/no\/#\/schema\/logo\/image\/","url":"https:\/\/padvaiskodvaras.lt\/wp-content\/uploads\/2024\/05\/padvaisko-dvaras-logo-yoast.png","contentUrl":"https:\/\/padvaiskodvaras.lt\/wp-content\/uploads\/2024\/05\/padvaisko-dvaras-logo-yoast.png","width":696,"height":696,"caption":"Padvaisko dvaras"},"image":{"@id":"https:\/\/padvaiskodvaras.lt\/no\/#\/schema\/logo\/image\/"}}]}},"_links":{"self":[{"href":"https:\/\/padvaiskodvaras.lt\/no\/wp-json\/wp\/v2\/pages\/12989"}],"collection":[{"href":"https:\/\/padvaiskodvaras.lt\/no\/wp-json\/wp\/v2\/pages"}],"about":[{"href":"https:\/\/padvaiskodvaras.lt\/no\/wp-json\/wp\/v2\/types\/page"}],"author":[{"embeddable":true,"href":"https:\/\/padvaiskodvaras.lt\/no\/wp-json\/wp\/v2\/users\/1"}],"replies":[{"embeddable":true,"href":"https:\/\/padvaiskodvaras.lt\/no\/wp-json\/wp\/v2\/comments?post=12989"}],"version-history":[{"count":20,"href":"https:\/\/padvaiskodvaras.lt\/no\/wp-json\/wp\/v2\/pages\/12989\/revisions"}],"predecessor-version":[{"id":13846,"href":"https:\/\/padvaiskodvaras.lt\/no\/wp-json\/wp\/v2\/pages\/12989\/revisions\/13846"}],"wp:attachment":[{"href":"https:\/\/padvaiskodvaras.lt\/no\/wp-json\/wp\/v2\/media?parent=12989"}],"curies":[{"name":"wp","href":"https:\/\/api.w.org\/{rel}","templated":true}]}}