{"id":12969,"date":"2023-10-11T13:09:49","date_gmt":"2023-10-11T13:09:49","guid":{"rendered":"https:\/\/padvaiskodvaras.lt\/kainos\/"},"modified":"2024-01-12T18:14:02","modified_gmt":"2024-01-12T18:14:02","slug":"prezzi","status":"publish","type":"page","link":"https:\/\/padvaiskodvaras.lt\/it\/prezzi\/","title":{"rendered":"Prezzi"},"content":{"rendered":"\t\t<div data-elementor-type=\"wp-page\" data-elementor-id=\"12969\" class=\"elementor elementor-12969 elementor-12339\" data-elementor-post-type=\"page\">\n\t\t\t\t\t\t\t<div class=\"elementor-element elementor-element-e54c666 e-flex e-con-boxed e-con e-parent\" data-id=\"e54c666\" data-element_type=\"container\" data-settings=\"{&quot;content_width&quot;:&quot;boxed&quot;}\" data-core-v316-plus=\"true\">\n\t\t\t\t\t<div class=\"e-con-inner\">\n\t\t\t\t<div class=\"elementor-element elementor-element-5c6a789 elementor-widget elementor-widget-text-editor\" data-id=\"5c6a789\" data-element_type=\"widget\" data-widget_type=\"text-editor.default\">\n\t\t\t\t<div class=\"elementor-widget-container\">\n\t\t\t<style>\/*! elementor - v3.16.0 - 20-09-2023 *\/\n.elementor-widget-text-editor.elementor-drop-cap-view-stacked .elementor-drop-cap{background-color:#69727d;color:#fff}.elementor-widget-text-editor.elementor-drop-cap-view-framed .elementor-drop-cap{color:#69727d;border:3px solid;background-color:transparent}.elementor-widget-text-editor:not(.elementor-drop-cap-view-default) .elementor-drop-cap{margin-top:8px}.elementor-widget-text-editor:not(.elementor-drop-cap-view-default) .elementor-drop-cap-letter{width:1em;height:1em}.elementor-widget-text-editor .elementor-drop-cap{float:left;text-align:center;line-height:1;font-size:50px}.elementor-widget-text-editor .elementor-drop-cap-letter{display:inline-block}<\/style>\t\t\t\t<div class=\"tab-plan-2 price-table\">\n<div class=\"elementor-tabs-content-wrapper\">\n<div class=\"elementor-tab-content\">\n<table>\n<thead>\n<tr>\n<th class=\"col-10\">Locali<\/th>\n<th class=\"col-2\">Prezzo \u20ac<\/th>\n<\/tr>\n<\/thead>\n<tbody>\n<tr>\n<th class=\"col-10\">VILLA (6 CAMERE, CUCINA\/SALA DA PRANZO, TERRAZZA)<\/th>\n<td class=\"col-2\">650<\/td>\n<\/tr>\n<tr>\n<th class=\"col-10\">VILLA (6 CAMERE, CUCINA)<\/th>\n<td class=\"col-2\">500<\/td>\n<\/tr>\n<tr>\n<th class=\"col-10\">VILLA (8 CAMERE, CUCINA)<\/th>\n<td class=\"col-2\">810<\/td>\n<\/tr>\n<tr>\n<th class=\"col-10\">CAMERA DOPPIA<\/th>\n<td class=\"col-2\">60<\/td>\n<\/tr>\n<tr>\n<th class=\"col-10\">CAMERA TRIPLA*<\/th>\n<td class=\"col-2\">75<\/td>\n<\/tr>\n<tr>\n<th class=\"col-10\">CAMERA QUADRUPLA*<\/th>\n<td class=\"col-2\">90<\/td>\n<\/tr>\n<tr>\n<th class=\"col-10\">SAUNA<\/th>\n<td class=\"col-2\">150<\/td>\n<\/tr>\n<tr>\n<th class=\"col-10\">DUE SALE PER BANCHETTI\/CONFERENZE<\/th>\n<td class=\"col-2\"><\/td>\n<\/tr>\n<tr>\n<th class=\"col-10\">\u00a0\u00a0\u00a0\u00a0\u00a0\u00a0SALA PICCOLA<\/th>\n<td class=\"col-2\">580<\/td>\n<\/tr>\n<tr>\n<th class=\"col-10\">\u00a0\u00a0\u00a0\u00a0\u00a0\u00a0SALA GRANDE<\/th>\n<td class=\"col-2\">720<\/td>\n<\/tr>\n<tr>\n<th class=\"col-10\">CASCINA<\/th>\n<td class=\"col-2\">3000<\/td>\n<\/tr>\n<\/tbody>\n<\/table>\n<\/div>\n<\/div>\n<\/div>\t\t\t\t\t\t<\/div>\n\t\t\t\t<\/div>\n\t\t\t\t<div class=\"elementor-element elementor-element-99e57fb elementor-widget elementor-widget-text-editor\" data-id=\"99e57fb\" data-element_type=\"widget\" data-widget_type=\"text-editor.default\">\n\t\t\t\t<div class=\"elementor-widget-container\">\n\t\t\t\t\t\t\t<pre><em>*CAMERA DOPPIA + LETTO AGGIUNTIVO<\/em>\n<strong><em>I prezzi sono al netto di IVA\n<\/em><\/strong><\/pre>\n<a style=\"font-size: 18px;\" href=\"https:\/\/padvaiskodvaras.lt\/it\/la-disposizione-delle-camere\/\">La disposizione delle camere<\/a>\t\t\t\t\t\t<\/div>\n\t\t\t\t<\/div>\n\t\t\t\t\t<\/div>\n\t\t\t\t<\/div>\n\t\t\t\t\t\t\t<\/div>\n\t\t","protected":false},"excerpt":{"rendered":"<p>Locali Prezzo \u20ac VILLA (6 CAMERE, CUCINA\/SALA DA PRANZO, TERRAZZA) 650 VILLA (6 CAMERE, CUCINA) 500 VILLA (8 CAMERE, CUCINA) 810 CAMERA DOPPIA 60 CAMERA TRIPLA* 75 CAMERA QUADRUPLA* 90 SAUNA 150 DUE SALE PER BANCHETTI\/CONFERENZE \u00a0\u00a0\u00a0\u00a0\u00a0\u00a0SALA PICCOLA 580 \u00a0\u00a0\u00a0\u00a0\u00a0\u00a0SALA GRANDE 720 CASCINA 3000 *CAMERA DOPPIA + LETTO AGGIUNTIVO I prezzi sono al netto di [&hellip;]<\/p>\n","protected":false},"author":1,"featured_media":0,"parent":0,"menu_order":0,"comment_status":"closed","ping_status":"closed","template":"","meta":{"footnotes":""},"acf":[],"yoast_head":"<!-- This site is optimized with the Yoast SEO plugin v21.3-RC2 - https:\/\/yoast.com\/wordpress\/plugins\/seo\/ -->\n<title>Prezzi - Padvaisko dvaras<\/title>\n<meta name=\"description\" content=\"Locali Prezzo \u20ac VILLA (6 CAMERE, CUCINA\/SALA DA PRANZO, TERRAZZA) 650 VILLA (6 CAMERE, CUCINA) 500 VILLA (8 CAMERE, CUCINA) 810 CAMERA DOPPIA 60 CAMERA\" \/>\n<meta name=\"robots\" content=\"index, follow, max-snippet:-1, max-image-preview:large, max-video-preview:-1\" \/>\n<link rel=\"canonical\" href=\"https:\/\/padvaiskodvaras.lt\/it\/prezzi\/\" \/>\n<meta property=\"og:locale\" content=\"it_IT\" \/>\n<meta property=\"og:type\" content=\"article\" \/>\n<meta property=\"og:title\" content=\"Prezzi - Padvaisko dvaras\" \/>\n<meta property=\"og:description\" content=\"Locali Prezzo \u20ac VILLA (6 CAMERE, CUCINA\/SALA DA PRANZO, TERRAZZA) 650 VILLA (6 CAMERE, CUCINA) 500 VILLA (8 CAMERE, CUCINA) 810 CAMERA DOPPIA 60 CAMERA\" \/>\n<meta property=\"og:url\" content=\"https:\/\/padvaiskodvaras.lt\/it\/prezzi\/\" \/>\n<meta property=\"og:site_name\" content=\"Padvaisko dvaras\" \/>\n<meta property=\"article:modified_time\" content=\"2024-01-12T18:14:02+00:00\" \/>\n<meta property=\"og:image\" content=\"https:\/\/padvaiskodvaras.lt\/wp-content\/uploads\/2024\/05\/Padvaisko-dvaras-site-image.jpg\" \/>\n\t<meta property=\"og:image:width\" content=\"1200\" \/>\n\t<meta property=\"og:image:height\" content=\"675\" \/>\n\t<meta property=\"og:image:type\" content=\"image\/jpeg\" \/>\n<meta name=\"twitter:card\" content=\"summary_large_image\" \/>\n<meta name=\"twitter:label1\" content=\"Tempo di lettura stimato\" \/>\n\t<meta name=\"twitter:data1\" content=\"1 minuto\" \/>\n<script type=\"application\/ld+json\" class=\"yoast-schema-graph\">{\"@context\":\"https:\/\/schema.org\",\"@graph\":[{\"@type\":\"WebPage\",\"@id\":\"https:\/\/padvaiskodvaras.lt\/it\/prezzi\/\",\"url\":\"https:\/\/padvaiskodvaras.lt\/it\/prezzi\/\",\"name\":\"Prezzi - Padvaisko dvaras\",\"isPartOf\":{\"@id\":\"https:\/\/padvaiskodvaras.lt\/it\/#website\"},\"datePublished\":\"2023-10-11T13:09:49+00:00\",\"dateModified\":\"2024-01-12T18:14:02+00:00\",\"description\":\"Locali Prezzo \u20ac VILLA (6 CAMERE, CUCINA\/SALA DA PRANZO, TERRAZZA) 650 VILLA (6 CAMERE, CUCINA) 500 VILLA (8 CAMERE, CUCINA) 810 CAMERA DOPPIA 60 CAMERA\",\"breadcrumb\":{\"@id\":\"https:\/\/padvaiskodvaras.lt\/it\/prezzi\/#breadcrumb\"},\"inLanguage\":\"it-IT\",\"potentialAction\":[{\"@type\":\"ReadAction\",\"target\":[\"https:\/\/padvaiskodvaras.lt\/it\/prezzi\/\"]}]},{\"@type\":\"BreadcrumbList\",\"@id\":\"https:\/\/padvaiskodvaras.lt\/it\/prezzi\/#breadcrumb\",\"itemListElement\":[{\"@type\":\"ListItem\",\"position\":1,\"name\":\"Home\",\"item\":\"https:\/\/padvaiskodvaras.lt\/it\/\"},{\"@type\":\"ListItem\",\"position\":2,\"name\":\"Prezzi\"}]},{\"@type\":\"WebSite\",\"@id\":\"https:\/\/padvaiskodvaras.lt\/it\/#website\",\"url\":\"https:\/\/padvaiskodvaras.lt\/it\/\",\"name\":\"Padvaisko dvaras\",\"description\":\"Puiki sodyba konferencijoms, vestuv\u0117ms, jubiliejams, \u0161eimos \u0161vent\u0117ms!\",\"publisher\":{\"@id\":\"https:\/\/padvaiskodvaras.lt\/it\/#organization\"},\"potentialAction\":[{\"@type\":\"SearchAction\",\"target\":{\"@type\":\"EntryPoint\",\"urlTemplate\":\"https:\/\/padvaiskodvaras.lt\/it\/?s={search_term_string}\"},\"query-input\":\"required name=search_term_string\"}],\"inLanguage\":\"it-IT\"},{\"@type\":\"Organization\",\"@id\":\"https:\/\/padvaiskodvaras.lt\/it\/#organization\",\"name\":\"Padvaisko dvaras\",\"url\":\"https:\/\/padvaiskodvaras.lt\/it\/\",\"logo\":{\"@type\":\"ImageObject\",\"inLanguage\":\"it-IT\",\"@id\":\"https:\/\/padvaiskodvaras.lt\/it\/#\/schema\/logo\/image\/\",\"url\":\"https:\/\/padvaiskodvaras.lt\/wp-content\/uploads\/2024\/05\/padvaisko-dvaras-logo-yoast.png\",\"contentUrl\":\"https:\/\/padvaiskodvaras.lt\/wp-content\/uploads\/2024\/05\/padvaisko-dvaras-logo-yoast.png\",\"width\":696,\"height\":696,\"caption\":\"Padvaisko dvaras\"},\"image\":{\"@id\":\"https:\/\/padvaiskodvaras.lt\/it\/#\/schema\/logo\/image\/\"}}]}<\/script>\n<!-- \/ Yoast SEO plugin. -->","yoast_head_json":{"title":"Prezzi - Padvaisko dvaras","description":"Locali Prezzo \u20ac VILLA (6 CAMERE, CUCINA\/SALA DA PRANZO, TERRAZZA) 650 VILLA (6 CAMERE, CUCINA) 500 VILLA (8 CAMERE, CUCINA) 810 CAMERA DOPPIA 60 CAMERA","robots":{"index":"index","follow":"follow","max-snippet":"max-snippet:-1","max-image-preview":"max-image-preview:large","max-video-preview":"max-video-preview:-1"},"canonical":"https:\/\/padvaiskodvaras.lt\/it\/prezzi\/","og_locale":"it_IT","og_type":"article","og_title":"Prezzi - Padvaisko dvaras","og_description":"Locali Prezzo \u20ac VILLA (6 CAMERE, CUCINA\/SALA DA PRANZO, TERRAZZA) 650 VILLA (6 CAMERE, CUCINA) 500 VILLA (8 CAMERE, CUCINA) 810 CAMERA DOPPIA 60 CAMERA","og_url":"https:\/\/padvaiskodvaras.lt\/it\/prezzi\/","og_site_name":"Padvaisko dvaras","article_modified_time":"2024-01-12T18:14:02+00:00","og_image":[{"width":1200,"height":675,"url":"https:\/\/padvaiskodvaras.lt\/wp-content\/uploads\/2024\/05\/Padvaisko-dvaras-site-image.jpg","type":"image\/jpeg"}],"twitter_card":"summary_large_image","twitter_misc":{"Tempo di lettura stimato":"1 minuto"},"schema":{"@context":"https:\/\/schema.org","@graph":[{"@type":"WebPage","@id":"https:\/\/padvaiskodvaras.lt\/it\/prezzi\/","url":"https:\/\/padvaiskodvaras.lt\/it\/prezzi\/","name":"Prezzi - Padvaisko dvaras","isPartOf":{"@id":"https:\/\/padvaiskodvaras.lt\/it\/#website"},"datePublished":"2023-10-11T13:09:49+00:00","dateModified":"2024-01-12T18:14:02+00:00","description":"Locali Prezzo \u20ac VILLA (6 CAMERE, CUCINA\/SALA DA PRANZO, TERRAZZA) 650 VILLA (6 CAMERE, CUCINA) 500 VILLA (8 CAMERE, CUCINA) 810 CAMERA DOPPIA 60 CAMERA","breadcrumb":{"@id":"https:\/\/padvaiskodvaras.lt\/it\/prezzi\/#breadcrumb"},"inLanguage":"it-IT","potentialAction":[{"@type":"ReadAction","target":["https:\/\/padvaiskodvaras.lt\/it\/prezzi\/"]}]},{"@type":"BreadcrumbList","@id":"https:\/\/padvaiskodvaras.lt\/it\/prezzi\/#breadcrumb","itemListElement":[{"@type":"ListItem","position":1,"name":"Home","item":"https:\/\/padvaiskodvaras.lt\/it\/"},{"@type":"ListItem","position":2,"name":"Prezzi"}]},{"@type":"WebSite","@id":"https:\/\/padvaiskodvaras.lt\/it\/#website","url":"https:\/\/padvaiskodvaras.lt\/it\/","name":"Padvaisko dvaras","description":"Puiki sodyba konferencijoms, vestuv\u0117ms, jubiliejams, \u0161eimos \u0161vent\u0117ms!","publisher":{"@id":"https:\/\/padvaiskodvaras.lt\/it\/#organization"},"potentialAction":[{"@type":"SearchAction","target":{"@type":"EntryPoint","urlTemplate":"https:\/\/padvaiskodvaras.lt\/it\/?s={search_term_string}"},"query-input":"required name=search_term_string"}],"inLanguage":"it-IT"},{"@type":"Organization","@id":"https:\/\/padvaiskodvaras.lt\/it\/#organization","name":"Padvaisko dvaras","url":"https:\/\/padvaiskodvaras.lt\/it\/","logo":{"@type":"ImageObject","inLanguage":"it-IT","@id":"https:\/\/padvaiskodvaras.lt\/it\/#\/schema\/logo\/image\/","url":"https:\/\/padvaiskodvaras.lt\/wp-content\/uploads\/2024\/05\/padvaisko-dvaras-logo-yoast.png","contentUrl":"https:\/\/padvaiskodvaras.lt\/wp-content\/uploads\/2024\/05\/padvaisko-dvaras-logo-yoast.png","width":696,"height":696,"caption":"Padvaisko dvaras"},"image":{"@id":"https:\/\/padvaiskodvaras.lt\/it\/#\/schema\/logo\/image\/"}}]}},"_links":{"self":[{"href":"https:\/\/padvaiskodvaras.lt\/it\/wp-json\/wp\/v2\/pages\/12969"}],"collection":[{"href":"https:\/\/padvaiskodvaras.lt\/it\/wp-json\/wp\/v2\/pages"}],"about":[{"href":"https:\/\/padvaiskodvaras.lt\/it\/wp-json\/wp\/v2\/types\/page"}],"author":[{"embeddable":true,"href":"https:\/\/padvaiskodvaras.lt\/it\/wp-json\/wp\/v2\/users\/1"}],"replies":[{"embeddable":true,"href":"https:\/\/padvaiskodvaras.lt\/it\/wp-json\/wp\/v2\/comments?post=12969"}],"version-history":[{"count":10,"href":"https:\/\/padvaiskodvaras.lt\/it\/wp-json\/wp\/v2\/pages\/12969\/revisions"}],"predecessor-version":[{"id":13284,"href":"https:\/\/padvaiskodvaras.lt\/it\/wp-json\/wp\/v2\/pages\/12969\/revisions\/13284"}],"wp:attachment":[{"href":"https:\/\/padvaiskodvaras.lt\/it\/wp-json\/wp\/v2\/media?parent=12969"}],"curies":[{"name":"wp","href":"https:\/\/api.w.org\/{rel}","templated":true}]}}