{"id":13003,"date":"2016-04-10T08:37:39","date_gmt":"2016-04-10T08:37:39","guid":{"rendered":"https:\/\/padvaiskodvaras.lt\/kontaktai\/"},"modified":"2025-04-01T14:46:05","modified_gmt":"2025-04-01T14:46:05","slug":"kontaktandmed","status":"publish","type":"page","link":"https:\/\/padvaiskodvaras.lt\/et\/kontaktandmed\/","title":{"rendered":"Kontaktandmed"},"content":{"rendered":"\t\t<div data-elementor-type=\"wp-post\" data-elementor-id=\"13003\" class=\"elementor elementor-13003 elementor-321\" data-elementor-post-type=\"page\">\n\t\t\t\t\t\t\t\t\t<section class=\"elementor-section elementor-top-section elementor-element elementor-element-4594808 elementor-section-stretched elementor-section-boxed elementor-section-height-default elementor-section-height-default\" data-id=\"4594808\" data-element_type=\"section\" data-settings=\"{&quot;stretch_section&quot;:&quot;section-stretched&quot;}\">\n\t\t\t\t\t\t<div class=\"elementor-container elementor-column-gap-default\">\n\t\t\t\t\t<div class=\"elementor-column elementor-col-50 elementor-top-column elementor-element elementor-element-8030352 wpb-col-sm-100\" data-id=\"8030352\" data-element_type=\"column\" data-settings=\"{&quot;animation&quot;:&quot;none&quot;}\">\n\t\t\t<div class=\"elementor-widget-wrap elementor-element-populated\">\n\t\t\t\t\t\t\t\t<div class=\"elementor-element elementor-element-cf5ab61 elementor-widget elementor-widget-heading\" data-id=\"cf5ab61\" data-element_type=\"widget\" data-widget_type=\"heading.default\">\n\t\t\t\t<div class=\"elementor-widget-container\">\n\t\t\t<style>\/*! elementor - v3.16.0 - 20-09-2023 *\/\n.elementor-heading-title{padding:0;margin:0;line-height:1}.elementor-widget-heading .elementor-heading-title[class*=elementor-size-]>a{color:inherit;font-size:inherit;line-height:inherit}.elementor-widget-heading .elementor-heading-title.elementor-size-small{font-size:15px}.elementor-widget-heading .elementor-heading-title.elementor-size-medium{font-size:19px}.elementor-widget-heading .elementor-heading-title.elementor-size-large{font-size:29px}.elementor-widget-heading .elementor-heading-title.elementor-size-xl{font-size:39px}.elementor-widget-heading .elementor-heading-title.elementor-size-xxl{font-size:59px}<\/style><h2 class=\"elementor-heading-title elementor-size-default\">Padvaisko dvaras, UAB<\/h2>\t\t<\/div>\n\t\t\t\t<\/div>\n\t\t\t\t<div class=\"elementor-element elementor-element-6b53c8e contact-info elementor-widget elementor-widget-text-editor\" data-id=\"6b53c8e\" data-element_type=\"widget\" data-settings=\"{&quot;_animation&quot;:&quot;none&quot;}\" data-widget_type=\"text-editor.default\">\n\t\t\t\t<div class=\"elementor-widget-container\">\n\t\t\t<style>\/*! elementor - v3.16.0 - 20-09-2023 *\/\n.elementor-widget-text-editor.elementor-drop-cap-view-stacked .elementor-drop-cap{background-color:#69727d;color:#fff}.elementor-widget-text-editor.elementor-drop-cap-view-framed .elementor-drop-cap{color:#69727d;border:3px solid;background-color:transparent}.elementor-widget-text-editor:not(.elementor-drop-cap-view-default) .elementor-drop-cap{margin-top:8px}.elementor-widget-text-editor:not(.elementor-drop-cap-view-default) .elementor-drop-cap-letter{width:1em;height:1em}.elementor-widget-text-editor .elementor-drop-cap{float:left;text-align:center;line-height:1;font-size:50px}.elementor-widget-text-editor .elementor-drop-cap-letter{display:inline-block}<\/style>\t\t\t\t<p><strong>Aadress:<\/strong><a href=\"https:\/\/maps.app.goo.gl\/eyDVJPQD4XGJfUPZ8\" target=\"_blank\" rel=\"noopener\">Sod\u0173 g. 11, Gliti\u0161k\u0117s, LT- 14292 Vilniuse rajoon<\/a><\/p><p><strong>Telefon:<\/strong><a href=\"tel:+37068713744\">+370 687 13744<\/a><\/p><p><strong>E-post:<\/strong><a href=\"mailto:padvaiskas@padvaiskodvaras.lt\">padvaiskas@padvaiskodvaras.lt<\/a><\/p>\t\t\t\t\t\t<\/div>\n\t\t\t\t<\/div>\n\t\t\t\t\t<\/div>\n\t\t<\/div>\n\t\t\t\t<div class=\"elementor-column elementor-col-50 elementor-top-column elementor-element elementor-element-16ce380\" data-id=\"16ce380\" data-element_type=\"column\" data-settings=\"{&quot;animation&quot;:&quot;none&quot;}\">\n\t\t\t<div class=\"elementor-widget-wrap elementor-element-populated\">\n\t\t\t\t\t\t\t\t<div class=\"elementor-element elementor-element-6427182 elementor-widget elementor-widget-heading\" data-id=\"6427182\" data-element_type=\"widget\" data-widget_type=\"heading.default\">\n\t\t\t\t<div class=\"elementor-widget-container\">\n\t\t\t<h2 class=\"elementor-heading-title elementor-size-default\">V\u00f5tke \u00fchendust!<\/h2>\t\t<\/div>\n\t\t\t\t<\/div>\n\t\t\t\t<div class=\"elementor-element elementor-element-b4279b6 elementor-widget elementor-widget-shortcode\" data-id=\"b4279b6\" data-element_type=\"widget\" data-settings=\"{&quot;_animation&quot;:&quot;none&quot;}\" data-widget_type=\"shortcode.default\">\n\t\t\t\t<div class=\"elementor-widget-container\">\n\t\t\t\t\t<div class=\"elementor-shortcode\">\n<div class=\"wpcf7 no-js\" id=\"wpcf7-f13198-o1\" lang=\"et\" dir=\"ltr\">\n<div class=\"screen-reader-response\"><p role=\"status\" aria-live=\"polite\" aria-atomic=\"true\"><\/p> <ul><\/ul><\/div>\n<form action=\"\/et\/wp-json\/wp\/v2\/pages\/13003#wpcf7-f13198-o1\" method=\"post\" class=\"wpcf7-form init\" aria-label=\"Contact form\" novalidate=\"novalidate\" data-status=\"init\">\n<div style=\"display: none;\">\n<input type=\"hidden\" name=\"_wpcf7\" value=\"13198\" \/>\n<input type=\"hidden\" name=\"_wpcf7_version\" value=\"5.8.1\" \/>\n<input type=\"hidden\" name=\"_wpcf7_locale\" value=\"et\" \/>\n<input type=\"hidden\" name=\"_wpcf7_unit_tag\" value=\"wpcf7-f13198-o1\" \/>\n<input type=\"hidden\" name=\"_wpcf7_container_post\" value=\"0\" \/>\n<input type=\"hidden\" name=\"_wpcf7_posted_data_hash\" value=\"\" \/>\n<input type=\"hidden\" name=\"_wpcf7_recaptcha_response\" value=\"\" \/>\n<\/div>\n<div class=\"wpbingo-newsletter-footer\">\n\t<div class=\"content-newsletter\">\n\t\t<div class=\"row\">\n\t\t\t<div class=\"col-lg-6 col-md-12 col-12\">\n\t\t\t\t<p><span class=\"wpcf7-form-control-wrap\" data-name=\"your-name\"><input size=\"40\" class=\"wpcf7-form-control wpcf7-text wpcf7-validates-as-required\" aria-required=\"true\" aria-invalid=\"false\" placeholder=\"Eesnimi *\" value=\"\" type=\"text\" name=\"your-name\" \/><\/span>\n\t\t\t\t<\/p>\n\t\t\t<\/div>\n\t\t\t<div class=\"col-lg-6 col-md-12 col-12\">\n\t\t\t\t<p><span class=\"wpcf7-form-control-wrap\" data-name=\"text-972\"><input size=\"40\" class=\"wpcf7-form-control wpcf7-text wpcf7-validates-as-required\" aria-required=\"true\" aria-invalid=\"false\" placeholder=\"Telefon *\" value=\"\" type=\"text\" name=\"text-972\" \/><\/span>\n\t\t\t\t<\/p>\n\t\t\t<\/div>\n\t\t\t<div class=\"col-lg-12 col-md-12 col-12\">\n\t\t\t\t<p><span class=\"wpcf7-form-control-wrap\" data-name=\"your-email\"><input size=\"40\" class=\"wpcf7-form-control wpcf7-email wpcf7-validates-as-required wpcf7-text wpcf7-validates-as-email\" aria-required=\"true\" aria-invalid=\"false\" placeholder=\"E-post *\" value=\"\" type=\"email\" name=\"your-email\" \/><\/span>\n\t\t\t\t<\/p>\n\t\t\t<\/div>\n\t\t\t<div class=\"col-lg-12 col-md-12 col-12\">\n\t\t\t\t<p><span class=\"wpcf7-form-control-wrap\" data-name=\"textarea-397\"><textarea cols=\"40\" rows=\"10\" class=\"wpcf7-form-control wpcf7-textarea\" aria-invalid=\"false\" placeholder=\"S\u00f5num\" name=\"textarea-397\"><\/textarea><\/span>\n\t\t\t\t<\/p>\n\t\t\t<\/div>\n\t\t<\/div>\n\t\t<div class=\"button\">\n\t\t\t<p><input class=\"wpcf7-form-control wpcf7-submit has-spinner\" type=\"submit\" value=\"Saada\" \/>\n\t\t\t<\/p>\n\t\t<\/div>\n\t<\/div>\n<\/div><p style=\"display: none !important;\" class=\"akismet-fields-container\" data-prefix=\"_wpcf7_ak_\"><label>&#916;<textarea name=\"_wpcf7_ak_hp_textarea\" cols=\"45\" rows=\"8\" maxlength=\"100\"><\/textarea><\/label><input type=\"hidden\" id=\"ak_js_1\" name=\"_wpcf7_ak_js\" value=\"189\"\/><script>document.getElementById( \"ak_js_1\" ).setAttribute( \"value\", ( new Date() ).getTime() );<\/script><\/p><div class=\"wpcf7-response-output\" aria-hidden=\"true\"><\/div>\n<\/form>\n<\/div>\n<\/div>\n\t\t\t\t<\/div>\n\t\t\t\t<\/div>\n\t\t\t\t\t<\/div>\n\t\t<\/div>\n\t\t\t\t\t\t\t<\/div>\n\t\t<\/section>\n\t\t\t\t<section class=\"elementor-section elementor-top-section elementor-element elementor-element-a0a4f80 elementor-section-stretched animated-fast elementor-section-boxed elementor-section-height-default elementor-section-height-default\" data-id=\"a0a4f80\" data-element_type=\"section\" data-settings=\"{&quot;stretch_section&quot;:&quot;section-stretched&quot;,&quot;animation&quot;:&quot;none&quot;}\">\n\t\t\t\t\t\t<div class=\"elementor-container elementor-column-gap-default\">\n\t\t\t\t\t<div class=\"elementor-column elementor-col-100 elementor-top-column elementor-element elementor-element-a7ff7f2\" data-id=\"a7ff7f2\" data-element_type=\"column\" data-settings=\"{&quot;animation&quot;:&quot;none&quot;}\">\n\t\t\t<div class=\"elementor-widget-wrap elementor-element-populated\">\n\t\t\t\t\t\t\t\t<div class=\"elementor-element elementor-element-6084d0c elementor-widget elementor-widget-bwp_google_maps\" data-id=\"6084d0c\" data-element_type=\"widget\" data-settings=\"{&quot;_animation&quot;:&quot;none&quot;}\" data-widget_type=\"bwp_google_maps.default\">\n\t\t\t\t<div class=\"elementor-widget-container\">\n\t\t\t<div class=\"elementor-custom-embed\"><iframe src=\"https:\/\/maps.google.com\/maps?q=Padvaisko%20Dvaras&amp;t=m&amp;z=10&amp;output=embed&amp;iwloc=near\" aria-label=\"Padvaisko Dvaras\"><\/iframe><\/div>\t\t<\/div>\n\t\t\t\t<\/div>\n\t\t\t\t\t<\/div>\n\t\t<\/div>\n\t\t\t\t\t\t\t<\/div>\n\t\t<\/section>\n\t\t\t\t\t\t\t<\/div>\n\t\t","protected":false},"excerpt":{"rendered":"<p>Padvaisko dvaras, UAB Aadress:Sod\u0173 g. 11, Gliti\u0161k\u0117s, LT- 14292 Vilniuse rajoon Telefon:+370 687 13744 E-post:padvaiskas@padvaiskodvaras.lt V\u00f5tke \u00fchendust!<\/p>\n","protected":false},"author":1,"featured_media":0,"parent":0,"menu_order":0,"comment_status":"closed","ping_status":"closed","template":"","meta":{"footnotes":""},"acf":[],"yoast_head":"<!-- This site is optimized with the Yoast SEO plugin v21.3-RC2 - https:\/\/yoast.com\/wordpress\/plugins\/seo\/ -->\n<title>Kontaktandmed - Padvaisko dvaras<\/title>\n<meta name=\"description\" content=\"Padvaisko dvaras, UAB Aadress:Sod\u0173 g. 11, Gliti\u0161k\u0117s, LT- 14292 Vilniuse rajoonTelefon:+370 687 13744E-post:padvaiskas@padvaiskodvaras.lt V\u00f5tke\" \/>\n<meta name=\"robots\" content=\"index, follow, max-snippet:-1, max-image-preview:large, max-video-preview:-1\" \/>\n<link rel=\"canonical\" href=\"https:\/\/padvaiskodvaras.lt\/et\/kontaktandmed\/\" \/>\n<meta property=\"og:locale\" content=\"et_EE\" \/>\n<meta property=\"og:type\" content=\"article\" \/>\n<meta property=\"og:title\" content=\"Kontaktandmed - Padvaisko dvaras\" \/>\n<meta property=\"og:description\" content=\"Padvaisko dvaras, UAB Aadress:Sod\u0173 g. 11, Gliti\u0161k\u0117s, LT- 14292 Vilniuse rajoonTelefon:+370 687 13744E-post:padvaiskas@padvaiskodvaras.lt V\u00f5tke\" \/>\n<meta property=\"og:url\" content=\"https:\/\/padvaiskodvaras.lt\/et\/kontaktandmed\/\" \/>\n<meta property=\"og:site_name\" content=\"Padvaisko dvaras\" \/>\n<meta property=\"article:modified_time\" content=\"2025-04-01T14:46:05+00:00\" \/>\n<meta property=\"og:image\" content=\"https:\/\/padvaiskodvaras.lt\/wp-content\/uploads\/2024\/05\/Padvaisko-dvaras-site-image.jpg\" \/>\n\t<meta property=\"og:image:width\" content=\"1200\" \/>\n\t<meta property=\"og:image:height\" content=\"675\" \/>\n\t<meta property=\"og:image:type\" content=\"image\/jpeg\" \/>\n<meta name=\"twitter:card\" content=\"summary_large_image\" \/>\n<meta name=\"twitter:label1\" content=\"Est. reading time\" \/>\n\t<meta name=\"twitter:data1\" content=\"1 minut\" \/>\n<script type=\"application\/ld+json\" class=\"yoast-schema-graph\">{\"@context\":\"https:\/\/schema.org\",\"@graph\":[{\"@type\":\"WebPage\",\"@id\":\"https:\/\/padvaiskodvaras.lt\/et\/kontaktandmed\/\",\"url\":\"https:\/\/padvaiskodvaras.lt\/et\/kontaktandmed\/\",\"name\":\"Kontaktandmed - Padvaisko dvaras\",\"isPartOf\":{\"@id\":\"https:\/\/padvaiskodvaras.lt\/et\/#website\"},\"datePublished\":\"2016-04-10T08:37:39+00:00\",\"dateModified\":\"2025-04-01T14:46:05+00:00\",\"description\":\"Padvaisko dvaras, UAB Aadress:Sod\u0173 g. 11, Gliti\u0161k\u0117s, LT- 14292 Vilniuse rajoonTelefon:+370 687 13744E-post:padvaiskas@padvaiskodvaras.lt V\u00f5tke\",\"breadcrumb\":{\"@id\":\"https:\/\/padvaiskodvaras.lt\/et\/kontaktandmed\/#breadcrumb\"},\"inLanguage\":\"et\",\"potentialAction\":[{\"@type\":\"ReadAction\",\"target\":[\"https:\/\/padvaiskodvaras.lt\/et\/kontaktandmed\/\"]}]},{\"@type\":\"BreadcrumbList\",\"@id\":\"https:\/\/padvaiskodvaras.lt\/et\/kontaktandmed\/#breadcrumb\",\"itemListElement\":[{\"@type\":\"ListItem\",\"position\":1,\"name\":\"Home\",\"item\":\"https:\/\/padvaiskodvaras.lt\/et\/\"},{\"@type\":\"ListItem\",\"position\":2,\"name\":\"Kontaktandmed\"}]},{\"@type\":\"WebSite\",\"@id\":\"https:\/\/padvaiskodvaras.lt\/et\/#website\",\"url\":\"https:\/\/padvaiskodvaras.lt\/et\/\",\"name\":\"Padvaisko dvaras\",\"description\":\"Puiki sodyba konferencijoms, vestuv\u0117ms, jubiliejams, \u0161eimos \u0161vent\u0117ms!\",\"publisher\":{\"@id\":\"https:\/\/padvaiskodvaras.lt\/et\/#organization\"},\"potentialAction\":[{\"@type\":\"SearchAction\",\"target\":{\"@type\":\"EntryPoint\",\"urlTemplate\":\"https:\/\/padvaiskodvaras.lt\/et\/?s={search_term_string}\"},\"query-input\":\"required name=search_term_string\"}],\"inLanguage\":\"et\"},{\"@type\":\"Organization\",\"@id\":\"https:\/\/padvaiskodvaras.lt\/et\/#organization\",\"name\":\"Padvaisko dvaras\",\"url\":\"https:\/\/padvaiskodvaras.lt\/et\/\",\"logo\":{\"@type\":\"ImageObject\",\"inLanguage\":\"et\",\"@id\":\"https:\/\/padvaiskodvaras.lt\/et\/#\/schema\/logo\/image\/\",\"url\":\"https:\/\/padvaiskodvaras.lt\/wp-content\/uploads\/2024\/05\/padvaisko-dvaras-logo-yoast.png\",\"contentUrl\":\"https:\/\/padvaiskodvaras.lt\/wp-content\/uploads\/2024\/05\/padvaisko-dvaras-logo-yoast.png\",\"width\":696,\"height\":696,\"caption\":\"Padvaisko dvaras\"},\"image\":{\"@id\":\"https:\/\/padvaiskodvaras.lt\/et\/#\/schema\/logo\/image\/\"}}]}<\/script>\n<!-- \/ Yoast SEO plugin. -->","yoast_head_json":{"title":"Kontaktandmed - Padvaisko dvaras","description":"Padvaisko dvaras, UAB Aadress:Sod\u0173 g. 11, Gliti\u0161k\u0117s, LT- 14292 Vilniuse rajoonTelefon:+370 687 13744E-post:padvaiskas@padvaiskodvaras.lt V\u00f5tke","robots":{"index":"index","follow":"follow","max-snippet":"max-snippet:-1","max-image-preview":"max-image-preview:large","max-video-preview":"max-video-preview:-1"},"canonical":"https:\/\/padvaiskodvaras.lt\/et\/kontaktandmed\/","og_locale":"et_EE","og_type":"article","og_title":"Kontaktandmed - Padvaisko dvaras","og_description":"Padvaisko dvaras, UAB Aadress:Sod\u0173 g. 11, Gliti\u0161k\u0117s, LT- 14292 Vilniuse rajoonTelefon:+370 687 13744E-post:padvaiskas@padvaiskodvaras.lt V\u00f5tke","og_url":"https:\/\/padvaiskodvaras.lt\/et\/kontaktandmed\/","og_site_name":"Padvaisko dvaras","article_modified_time":"2025-04-01T14:46:05+00:00","og_image":[{"width":1200,"height":675,"url":"https:\/\/padvaiskodvaras.lt\/wp-content\/uploads\/2024\/05\/Padvaisko-dvaras-site-image.jpg","type":"image\/jpeg"}],"twitter_card":"summary_large_image","twitter_misc":{"Est. reading time":"1 minut"},"schema":{"@context":"https:\/\/schema.org","@graph":[{"@type":"WebPage","@id":"https:\/\/padvaiskodvaras.lt\/et\/kontaktandmed\/","url":"https:\/\/padvaiskodvaras.lt\/et\/kontaktandmed\/","name":"Kontaktandmed - Padvaisko dvaras","isPartOf":{"@id":"https:\/\/padvaiskodvaras.lt\/et\/#website"},"datePublished":"2016-04-10T08:37:39+00:00","dateModified":"2025-04-01T14:46:05+00:00","description":"Padvaisko dvaras, UAB Aadress:Sod\u0173 g. 11, Gliti\u0161k\u0117s, LT- 14292 Vilniuse rajoonTelefon:+370 687 13744E-post:padvaiskas@padvaiskodvaras.lt V\u00f5tke","breadcrumb":{"@id":"https:\/\/padvaiskodvaras.lt\/et\/kontaktandmed\/#breadcrumb"},"inLanguage":"et","potentialAction":[{"@type":"ReadAction","target":["https:\/\/padvaiskodvaras.lt\/et\/kontaktandmed\/"]}]},{"@type":"BreadcrumbList","@id":"https:\/\/padvaiskodvaras.lt\/et\/kontaktandmed\/#breadcrumb","itemListElement":[{"@type":"ListItem","position":1,"name":"Home","item":"https:\/\/padvaiskodvaras.lt\/et\/"},{"@type":"ListItem","position":2,"name":"Kontaktandmed"}]},{"@type":"WebSite","@id":"https:\/\/padvaiskodvaras.lt\/et\/#website","url":"https:\/\/padvaiskodvaras.lt\/et\/","name":"Padvaisko dvaras","description":"Puiki sodyba konferencijoms, vestuv\u0117ms, jubiliejams, \u0161eimos \u0161vent\u0117ms!","publisher":{"@id":"https:\/\/padvaiskodvaras.lt\/et\/#organization"},"potentialAction":[{"@type":"SearchAction","target":{"@type":"EntryPoint","urlTemplate":"https:\/\/padvaiskodvaras.lt\/et\/?s={search_term_string}"},"query-input":"required name=search_term_string"}],"inLanguage":"et"},{"@type":"Organization","@id":"https:\/\/padvaiskodvaras.lt\/et\/#organization","name":"Padvaisko dvaras","url":"https:\/\/padvaiskodvaras.lt\/et\/","logo":{"@type":"ImageObject","inLanguage":"et","@id":"https:\/\/padvaiskodvaras.lt\/et\/#\/schema\/logo\/image\/","url":"https:\/\/padvaiskodvaras.lt\/wp-content\/uploads\/2024\/05\/padvaisko-dvaras-logo-yoast.png","contentUrl":"https:\/\/padvaiskodvaras.lt\/wp-content\/uploads\/2024\/05\/padvaisko-dvaras-logo-yoast.png","width":696,"height":696,"caption":"Padvaisko dvaras"},"image":{"@id":"https:\/\/padvaiskodvaras.lt\/et\/#\/schema\/logo\/image\/"}}]}},"_links":{"self":[{"href":"https:\/\/padvaiskodvaras.lt\/et\/wp-json\/wp\/v2\/pages\/13003"}],"collection":[{"href":"https:\/\/padvaiskodvaras.lt\/et\/wp-json\/wp\/v2\/pages"}],"about":[{"href":"https:\/\/padvaiskodvaras.lt\/et\/wp-json\/wp\/v2\/types\/page"}],"author":[{"embeddable":true,"href":"https:\/\/padvaiskodvaras.lt\/et\/wp-json\/wp\/v2\/users\/1"}],"replies":[{"embeddable":true,"href":"https:\/\/padvaiskodvaras.lt\/et\/wp-json\/wp\/v2\/comments?post=13003"}],"version-history":[{"count":13,"href":"https:\/\/padvaiskodvaras.lt\/et\/wp-json\/wp\/v2\/pages\/13003\/revisions"}],"predecessor-version":[{"id":13970,"href":"https:\/\/padvaiskodvaras.lt\/et\/wp-json\/wp\/v2\/pages\/13003\/revisions\/13970"}],"wp:attachment":[{"href":"https:\/\/padvaiskodvaras.lt\/et\/wp-json\/wp\/v2\/media?parent=13003"}],"curies":[{"name":"wp","href":"https:\/\/api.w.org\/{rel}","templated":true}]}}